{"id":1811,"date":"2024-09-18T12:04:21","date_gmt":"2024-09-18T10:04:21","guid":{"rendered":"https:\/\/autosupirkimasvilnius.lt\/about\/"},"modified":"2025-04-28T09:46:28","modified_gmt":"2025-04-28T07:46:28","slug":"automobiliu-supirkimas","status":"publish","type":"page","link":"https:\/\/autosupirkimasvilnius.lt\/","title":{"rendered":"Automobili\u0173 supirkimas Vilnius"},"content":{"rendered":"\n<div class=\"wp-block-uagb-container uag-blocks-common-selector uagb-block-92205b50 alignfull uagb-is-root-container\"><div class=\"uagb-container-inner-blocks-wrap\">\n<header class=\"wp-block-uagb-info-box uagb-block-25ee4bec uagb-infobox__content-wrap  uagb-infobox-icon-below-title uagb-infobox-image-valign-top wp-block-uagb-info-box--has-margin\"><div data-aos= \"fade-left\" data-aos-duration=\"400\" data-aos-delay=\"0\" data-aos-easing=\"ease\" data-aos-once=\"true\" class=\"uagb-infobox-margin-wrapper\"><div class=\"uagb-ifb-content\"><div class=\"uagb-ifb-title-wrap\"><h1 class=\"uagb-ifb-title-prefix\"><strong>Automobiliu Supirkimas Vilniuje<\/strong><\/h1><h4 class=\"uagb-ifb-title\">Auk\u0161\u010diausioms kainoms Superkame vis\u0173 modeli\u0173 ir marki\u0173 naudotus automobilius Vilniuje ir Vilniaus rajone.<\/h4><\/div><div class=\"uagb-ifb-separator\"><\/div><\/div><\/div><\/header>\n<\/div><\/div>\n\n\n\n<div class=\"wp-block-uagb-container uag-blocks-common-selector uagb-block-763d6580 alignfull uagb-is-root-container\"><div class=\"uagb-container-inner-blocks-wrap\">\n<div class=\"wp-block-uagb-container uagb-block-9d7565db\">\n<div class=\"wp-block-uagb-info-box uagb-block-407f98a8 uagb-infobox__content-wrap  uagb-infobox-icon-above-title uagb-infobox-image-valign-top\"><div class=\"uagb-ifb-content\"><div class=\"uagb-ifb-icon-wrap\"><div class=\"uagb-iconbox-icon-wrap uagb-infobox-shape-circle\"><svg xmlns=\"https:\/\/www.w3.org\/2000\/svg\" viewBox=\"0 0 512 512\"><path d=\"M490.3 40.4C512.2 62.27 512.2 97.73 490.3 119.6L460.3 149.7L362.3 51.72L392.4 21.66C414.3-.2135 449.7-.2135 471.6 21.66L490.3 40.4zM172.4 241.7L339.7 74.34L437.7 172.3L270.3 339.6C264.2 345.8 256.7 350.4 248.4 353.2L159.6 382.8C150.1 385.6 141.5 383.4 135 376.1C128.6 370.5 126.4 361 129.2 352.4L158.8 263.6C161.6 255.3 166.2 247.8 172.4 241.7V241.7zM192 63.1C209.7 63.1 224 78.33 224 95.1C224 113.7 209.7 127.1 192 127.1H96C78.33 127.1 64 142.3 64 159.1V416C64 433.7 78.33 448 96 448H352C369.7 448 384 433.7 384 416V319.1C384 302.3 398.3 287.1 416 287.1C433.7 287.1 448 302.3 448 319.1V416C448 469 405 512 352 512H96C42.98 512 0 469 0 416V159.1C0 106.1 42.98 63.1 96 63.1H192z\"><\/path><\/svg><\/div><\/div><div class=\"uagb-ifb-title-wrap\"><h5 class=\"uagb-ifb-title\">Palikite savo u\u017eklausa<\/h5><\/div><div class=\"uagb-ifb-button-wrapper wp-block-button\"><a href=\"#\" class=\"uagb-infobox-cta-link wp-block-button__link\" target=\"_self\" rel=\"noopener noreferrer\"><svg xmlns=\"https:\/\/www.w3.org\/2000\/svg\" viewBox=\"0 0 512 512\"><path d=\"M490.3 40.4C512.2 62.27 512.2 97.73 490.3 119.6L460.3 149.7L362.3 51.72L392.4 21.66C414.3-.2135 449.7-.2135 471.6 21.66L490.3 40.4zM172.4 241.7L339.7 74.34L437.7 172.3L270.3 339.6C264.2 345.8 256.7 350.4 248.4 353.2L159.6 382.8C150.1 385.6 141.5 383.4 135 376.1C128.6 370.5 126.4 361 129.2 352.4L158.8 263.6C161.6 255.3 166.2 247.8 172.4 241.7V241.7zM192 63.1C209.7 63.1 224 78.33 224 95.1C224 113.7 209.7 127.1 192 127.1H96C78.33 127.1 64 142.3 64 159.1V416C64 433.7 78.33 448 96 448H352C369.7 448 384 433.7 384 416V319.1C384 302.3 398.3 287.1 416 287.1C433.7 287.1 448 302.3 448 319.1V416C448 469 405 512 352 512H96C42.98 512 0 469 0 416V159.1C0 106.1 42.98 63.1 96 63.1H192z\"><\/path><\/svg><span class=\"uagb-inline-editing\">Para\u0161ykite mums<\/span><\/a><\/div><\/div><\/div>\n<\/div>\n\n\n\n<div class=\"wp-block-uagb-container uagb-block-8b9a29d9\">\n<div class=\"wp-block-uagb-info-box uagb-block-ecd82ed8 uagb-infobox__content-wrap  uagb-infobox-icon-above-title uagb-infobox-image-valign-top\"><div class=\"uagb-ifb-content\"><div class=\"uagb-ifb-icon-wrap\"><div class=\"uagb-iconbox-icon-wrap uagb-infobox-shape-circle\"><svg xmlns=\"https:\/\/www.w3.org\/2000\/svg\" viewBox=\"0 0 512 512\"><path d=\"M320 336c0 8.844-7.156 16-16 16h-96C199.2 352 192 344.8 192 336V288H0v144C0 457.6 22.41 480 48 480h416c25.59 0 48-22.41 48-48V288h-192V336zM464 96H384V48C384 22.41 361.6 0 336 0h-160C150.4 0 128 22.41 128 48V96H48C22.41 96 0 118.4 0 144V256h512V144C512 118.4 489.6 96 464 96zM336 96h-160V48h160V96z\"><\/path><\/svg><\/div><\/div><div class=\"uagb-ifb-title-wrap\"><h5 class=\"uagb-ifb-title\">Darbo valandos<\/h5><\/div><\/div><\/div>\n\n\n\n<div class=\"wp-block-uagb-icon-list uagb-block-1e54ce3c\"><div class=\"uagb-icon-list__wrap\">\n<div class=\"wp-block-uagb-icon-list-child uagb-block-12afd6ee\"><span class=\"uagb-icon-list__source-wrap\"><svg xmlns=\"https:\/\/www.w3.org\/2000\/svg\" viewBox=\"0 0 448 512\"><path d=\"M438.6 105.4C451.1 117.9 451.1 138.1 438.6 150.6L182.6 406.6C170.1 419.1 149.9 419.1 137.4 406.6L9.372 278.6C-3.124 266.1-3.124 245.9 9.372 233.4C21.87 220.9 42.13 220.9 54.63 233.4L159.1 338.7L393.4 105.4C405.9 92.88 426.1 92.88 438.6 105.4H438.6z\"><\/path><\/svg><\/span><span class=\"uagb-icon-list__label\">Pr-pn: 05:00 \u2013 22:00<\/span><\/div>\n\n\n\n<div class=\"wp-block-uagb-icon-list-child uagb-block-d79cf74e\"><span class=\"uagb-icon-list__source-wrap\"><svg xmlns=\"https:\/\/www.w3.org\/2000\/svg\" viewBox=\"0 0 448 512\"><path d=\"M438.6 105.4C451.1 117.9 451.1 138.1 438.6 150.6L182.6 406.6C170.1 419.1 149.9 419.1 137.4 406.6L9.372 278.6C-3.124 266.1-3.124 245.9 9.372 233.4C21.87 220.9 42.13 220.9 54.63 233.4L159.1 338.7L393.4 105.4C405.9 92.88 426.1 92.88 438.6 105.4H438.6z\"><\/path><\/svg><\/span><span class=\"uagb-icon-list__label\">Saturday: 05:00 \u2013 18:00<\/span><\/div>\n\n\n\n<div class=\"wp-block-uagb-icon-list-child uagb-block-bf12d5fd\"><span class=\"uagb-icon-list__source-wrap\"><svg xmlns=\"https:\/\/www.w3.org\/2000\/svg\" viewBox=\"0 0 448 512\"><path d=\"M438.6 105.4C451.1 117.9 451.1 138.1 438.6 150.6L182.6 406.6C170.1 419.1 149.9 419.1 137.4 406.6L9.372 278.6C-3.124 266.1-3.124 245.9 9.372 233.4C21.87 220.9 42.13 220.9 54.63 233.4L159.1 338.7L393.4 105.4C405.9 92.88 426.1 92.88 438.6 105.4H438.6z\"><\/path><\/svg><\/span><span class=\"uagb-icon-list__label\">Sunday: CLOSED<\/span><\/div>\n<\/div><\/div>\n<\/div>\n\n\n\n<div class=\"wp-block-uagb-container uagb-block-b5be527e\">\n<div class=\"wp-block-uagb-info-box uagb-block-b8806c99 uagb-infobox__content-wrap  uagb-infobox-icon-left-title uagb-infobox-left uagb-infobox-image-valign-top\"><div class=\"uagb-ifb-content\"><div class=\"uagb-ifb-left-title-image\"><div class=\"uagb-ifb-icon-wrap\"><svg xmlns=\"https:\/\/www.w3.org\/2000\/svg\" viewBox=\"0 0 512 512\"><path d=\"M511.2 387l-23.25 100.8c-3.266 14.25-15.79 24.22-30.46 24.22C205.2 512 0 306.8 0 54.5c0-14.66 9.969-27.2 24.22-30.45l100.8-23.25C139.7-2.602 154.7 5.018 160.8 18.92l46.52 108.5c5.438 12.78 1.77 27.67-8.98 36.45L144.5 207.1c33.98 69.22 90.26 125.5 159.5 159.5l44.08-53.8c8.688-10.78 23.69-14.51 36.47-8.975l108.5 46.51C506.1 357.2 514.6 372.4 511.2 387z\"><\/path><\/svg><\/div><div class=\"uagb-ifb-title-wrap\"><h5 class=\"uagb-ifb-title\">+370 6 763 4007<\/h5><\/div><\/div><div class=\"uagb-ifb-button-wrapper wp-block-button\"><a href=\"tel:+370 6 763 4007\" class=\"uagb-infobox-cta-link wp-block-button__link\" target=\"_self\" rel=\"noopener noreferrer\"><svg xmlns=\"https:\/\/www.w3.org\/2000\/svg\" viewBox=\"0 0 512 512\"><path d=\"M511.2 387l-23.25 100.8c-3.266 14.25-15.79 24.22-30.46 24.22C205.2 512 0 306.8 0 54.5c0-14.66 9.969-27.2 24.22-30.45l100.8-23.25C139.7-2.602 154.7 5.018 160.8 18.92l46.52 108.5c5.438 12.78 1.77 27.67-8.98 36.45L144.5 207.1c33.98 69.22 90.26 125.5 159.5 159.5l44.08-53.8c8.688-10.78 23.69-14.51 36.47-8.975l108.5 46.51C506.1 357.2 514.6 372.4 511.2 387z\"><\/path><\/svg><span class=\"uagb-inline-editing\">Susisieksime<\/span><\/a><\/div><\/div><\/div>\n<\/div>\n<\/div><\/div>\n\n\n\n<div class=\"wp-block-uagb-container uag-blocks-common-selector uagb-block-d3be2094 alignfull uagb-is-root-container\"><div class=\"uagb-container-inner-blocks-wrap\">\n<div class=\"wp-block-uagb-info-box uagb-block-0d21ee77 uagb-infobox__content-wrap  uagb-infobox-icon-above-title uagb-infobox-image-valign-top wp-block-uagb-info-box--has-margin\"><div class=\"uagb-infobox-margin-wrapper\"><div class=\"uagb-ifb-content\"><div class=\"uagb-ifb-title-wrap\"><h3 class=\"uagb-ifb-title\">Kod\u0117l verta pasrinkti Automobili\u0173 supirkimas vilnius?<\/h3><\/div><div class=\"uagb-ifb-separator\"><\/div><p class=\"uagb-ifb-desc\">Ko gero \u2013 tai grei\u010diausias ir brangiausias automobili\u0173 supirkimas ir dokument\u0173 apiforminimas.<\/p><\/div><\/div><\/div>\n\n\n\n<div class=\"wp-block-uagb-container uagb-layout-grid uagb-block-9db4e41b alignfull uagb-is-root-container\"><div class=\"uagb-container-inner-blocks-wrap\">\n<div class=\"wp-block-uagb-info-box uagb-block-a021b1bb uagb-infobox__content-wrap  uagb-infobox-icon-above-title uagb-infobox-image-valign-top wp-block-uagb-info-box--has-margin\"><div class=\"uagb-infobox-margin-wrapper\"><div class=\"uagb-ifb-content\"><div class=\"uagb-ifb-image-content\"><img decoding=\"async\" src=\"https:\/\/autosupirkimasvilnius.lt\/wp-content\/uploads\/2021\/03\/rotor.png\" alt=\"\" width=\"17\" height=\"17\" loading=\"lazy\" \/><\/div><div class=\"uagb-ifb-title-wrap\"><h5 class=\"uagb-ifb-title\">Grei\u010diausias<\/h5><\/div><p class=\"uagb-ifb-desc\">Ko gero \u2013 tai grei\u010diausias ir brangiausias automobili\u0173 supirkimas ir dokument\u0173 apiforminimas.<\/p><\/div><\/div><\/div>\n\n\n\n<div class=\"wp-block-uagb-info-box uagb-block-cb852a91 uagb-infobox__content-wrap  uagb-infobox-icon-above-title uagb-infobox-image-valign-top wp-block-uagb-info-box--has-margin\"><div class=\"uagb-infobox-margin-wrapper\"><div class=\"uagb-ifb-content\"><div class=\"uagb-ifb-image-content\"><img decoding=\"async\" src=\"https:\/\/autosupirkimasvilnius.lt\/wp-content\/uploads\/2021\/03\/tyre-service.png\" alt=\"\" width=\"17\" height=\"17\" loading=\"lazy\" \/><\/div><div class=\"uagb-ifb-title-wrap\"><h5 class=\"uagb-ifb-title\">Auto<\/h5><\/div><p class=\"uagb-ifb-desc\">Auk\u0161\u010diausioms kainoms Superkame vis\u0173 modeli\u0173 ir marki\u0173 naudotus automobilius Vilniuje ir Vilniaus rajone.<\/p><\/div><\/div><\/div>\n\n\n\n<div class=\"wp-block-uagb-info-box uagb-block-a500eea6 uagb-infobox__content-wrap  uagb-infobox-icon-above-title uagb-infobox-image-valign-top wp-block-uagb-info-box--has-margin\"><div class=\"uagb-infobox-margin-wrapper\"><div class=\"uagb-ifb-content\"><div class=\"uagb-ifb-image-content\"><img decoding=\"async\" src=\"https:\/\/autosupirkimasvilnius.lt\/wp-content\/uploads\/2021\/03\/setting-icon.png\" alt=\"\" width=\"17\" height=\"17\" loading=\"lazy\" \/><\/div><div class=\"uagb-ifb-title-wrap\"><h5 class=\"uagb-ifb-title\">Supirkimas<\/h5><\/div><p class=\"uagb-ifb-desc\">Automobiliai gali b\u016bti- Idealaus stovio, tvarkingi, su smulkiais defektais, biski dau\u017eti bet tinkantys remontuoti, gali buti be technin\u0117s ab\u017eiuros, be draudimo, dizelininiai , benzininiai, su duju iranga ir be juos. Atsiimsime ir neva\u017eiuojanti automobili.<\/p><\/div><\/div><\/div>\n\n\n\n<div class=\"wp-block-uagb-info-box uagb-block-3209aa2e uagb-infobox__content-wrap  uagb-infobox-icon-above-title uagb-infobox-image-valign-top wp-block-uagb-info-box--has-margin\"><div class=\"uagb-infobox-margin-wrapper\"><div class=\"uagb-ifb-content\"><div class=\"uagb-ifb-image-content\"><img decoding=\"async\" src=\"https:\/\/autosupirkimasvilnius.lt\/wp-content\/uploads\/2021\/03\/ac-repairs.png\" alt=\"\" width=\"17\" height=\"17\" loading=\"lazy\" \/><\/div><div class=\"uagb-ifb-title-wrap\"><h5 class=\"uagb-ifb-title\">Be tarpinink\u0173<\/h5><\/div><p class=\"uagb-ifb-desc\">Tai i\u0161skirtinis b\u016bdas parduoti savo automobil\u012f auk\u0161\u010diausioms kainoms.<\/p><\/div><\/div><\/div>\n<\/div><\/div>\n<\/div><\/div>\n\n\n\n<div class=\"wp-block-uagb-container uagb-block-9e6eb056 alignfull uagb-is-root-container\"><div class=\"uagb-container-inner-blocks-wrap\">\n<div class=\"wp-block-uagb-info-box uagb-block-f4ec72d3 uagb-infobox__content-wrap  uagb-infobox-icon-above-title uagb-infobox-image-valign-top wp-block-uagb-info-box--has-margin\"><div class=\"uagb-infobox-margin-wrapper\"><div class=\"uagb-ifb-content\"><div class=\"uagb-ifb-title-wrap\"><h6 class=\"uagb-ifb-title-prefix\">Skambu\u010diai 24\/7<\/h6><h2 class=\"uagb-ifb-title\">+370 6 763 4007<\/h2><\/div><div class=\"uagb-ifb-separator\"><\/div><\/div><\/div><\/div>\n\n\n\n<div class=\"wp-block-uagb-advanced-heading uagb-block-320b4215\"><h6 class=\"uagb-heading-text\">Rezervuoti vizit\u0105 jau \u0160iandien!<\/h6><\/div>\n\n\n\n<div class=\"wp-block-uagb-buttons uagb-buttons__outer-wrap uagb-btn__default-btn uagb-btn-tablet__default-btn uagb-btn-mobile__default-btn uagb-block-95db8ceb\"><div class=\"uagb-buttons__wrap uagb-buttons-layout-wrap \">\n<div class=\"wp-block-uagb-buttons-child uagb-buttons__outer-wrap uagb-block-65fab600 wp-block-button\"><div class=\"uagb-button__wrapper\"><a class=\"uagb-buttons-repeater wp-block-button__link\" aria-label=\"\" href=\"tel:+370 6 763 4007\" rel=\"follow noopener\" target=\"_self\" role=\"button\"><div class=\"uagb-button__link\">Book Now<\/div><\/a><\/div><\/div>\n<\/div><\/div>\n<\/div><\/div>\n\n\n\n<p><\/p>\n","protected":false},"excerpt":{"rendered":"<p>Rezervuoti vizit\u0105 jau \u0160iandien!<\/p>\n","protected":false},"author":2,"featured_media":0,"parent":0,"menu_order":0,"comment_status":"closed","ping_status":"closed","template":"","meta":{"_uag_custom_page_level_css":"","site-sidebar-layout":"default","site-content-layout":"page-builder","ast-site-content-layout":"full-width-container","site-content-style":"unboxed","site-sidebar-style":"unboxed","ast-global-header-display":"","ast-banner-title-visibility":"","ast-main-header-display":"","ast-hfb-above-header-display":"","ast-hfb-below-header-display":"","ast-hfb-mobile-header-display":"","site-post-title":"disabled","ast-breadcrumbs-content":"","ast-featured-img":"","footer-sml-layout":"","theme-transparent-header-meta":"enabled","adv-header-id-meta":"","stick-header-meta":"","header-above-stick-meta":"","header-main-stick-meta":"","header-below-stick-meta":"","astra-migrate-meta-layouts":"set","ast-page-background-enabled":"default","ast-page-background-meta":{"desktop":{"background-color":"","background-image":"","background-repeat":"repeat","background-position":"center center","background-size":"auto","background-attachment":"scroll","background-type":"","background-media":"","overlay-type":"","overlay-color":"","overlay-opacity":"","overlay-gradient":""},"tablet":{"background-color":"","background-image":"","background-repeat":"repeat","background-position":"center center","background-size":"auto","background-attachment":"scroll","background-type":"","background-media":"","overlay-type":"","overlay-color":"","overlay-opacity":"","overlay-gradient":""},"mobile":{"background-color":"","background-image":"","background-repeat":"repeat","background-position":"center center","background-size":"auto","background-attachment":"scroll","background-type":"","background-media":"","overlay-type":"","overlay-color":"","overlay-opacity":"","overlay-gradient":""}},"ast-content-background-meta":{"desktop":{"background-color":"var(--ast-global-color-5)","background-image":"","background-repeat":"repeat","background-position":"center center","background-size":"auto","background-attachment":"scroll","background-type":"","background-media":"","overlay-type":"","overlay-color":"","overlay-opacity":"","overlay-gradient":""},"tablet":{"background-color":"var(--ast-global-color-5)","background-image":"","background-repeat":"repeat","background-position":"center center","background-size":"auto","background-attachment":"scroll","background-type":"","background-media":"","overlay-type":"","overlay-color":"","overlay-opacity":"","overlay-gradient":""},"mobile":{"background-color":"var(--ast-global-color-5)","background-image":"","background-repeat":"repeat","background-position":"center center","background-size":"auto","background-attachment":"scroll","background-type":"","background-media":"","overlay-type":"","overlay-color":"","overlay-opacity":"","overlay-gradient":""}},"footnotes":""},"class_list":["post-1811","page","type-page","status-publish","hentry"],"uagb_featured_image_src":{"full":false,"thumbnail":false,"medium":false,"medium_large":false,"large":false,"1536x1536":false,"2048x2048":false},"uagb_author_info":{"display_name":"Nikita","author_link":"https:\/\/autosupirkimasvilnius.lt\/?author=2"},"uagb_comment_info":0,"uagb_excerpt":"Rezervuoti vizit\u0105 jau \u0160iandien!","_links":{"self":[{"href":"https:\/\/autosupirkimasvilnius.lt\/index.php?rest_route=\/wp\/v2\/pages\/1811"}],"collection":[{"href":"https:\/\/autosupirkimasvilnius.lt\/index.php?rest_route=\/wp\/v2\/pages"}],"about":[{"href":"https:\/\/autosupirkimasvilnius.lt\/index.php?rest_route=\/wp\/v2\/types\/page"}],"author":[{"embeddable":true,"href":"https:\/\/autosupirkimasvilnius.lt\/index.php?rest_route=\/wp\/v2\/users\/2"}],"replies":[{"embeddable":true,"href":"https:\/\/autosupirkimasvilnius.lt\/index.php?rest_route=%2Fwp%2Fv2%2Fcomments&post=1811"}],"version-history":[{"count":63,"href":"https:\/\/autosupirkimasvilnius.lt\/index.php?rest_route=\/wp\/v2\/pages\/1811\/revisions"}],"predecessor-version":[{"id":2541,"href":"https:\/\/autosupirkimasvilnius.lt\/index.php?rest_route=\/wp\/v2\/pages\/1811\/revisions\/2541"}],"wp:attachment":[{"href":"https:\/\/autosupirkimasvilnius.lt\/index.php?rest_route=%2Fwp%2Fv2%2Fmedia&parent=1811"}],"curies":[{"name":"wp","href":"https:\/\/api.w.org\/{rel}","templated":true}]}}