{"id":1812,"date":"2024-09-18T12:04:21","date_gmt":"2024-09-18T10:04:21","guid":{"rendered":"https:\/\/autosupirkimasvilnius.lt\/services\/"},"modified":"2025-04-28T09:46:36","modified_gmt":"2025-04-28T07:46:36","slug":"mikroautobusu-nuoma","status":"publish","type":"page","link":"https:\/\/autosupirkimasvilnius.lt\/?page_id=1812","title":{"rendered":"Mikroautobus\u0173 nuoma"},"content":{"rendered":"\n<div class=\"wp-block-group alignfull is-content-justification-center is-layout-constrained wp-block-group-is-layout-constrained\" style=\"margin-top:0;margin-bottom:0\">\n<div style=\"height:var(--wp--preset--spacing--20)\" aria-hidden=\"true\" class=\"wp-block-spacer\"><\/div>\n\n\n\n<div class=\"wp-block-group alignwide is-layout-flow wp-block-group-is-layout-flow\">\n<div style=\"height:34px\" aria-hidden=\"true\" class=\"wp-block-spacer\"><\/div>\n\n\n\n<div class=\"wp-block-media-text is-stacked-on-mobile\"><figure class=\"wp-block-media-text__media\"><img loading=\"lazy\" decoding=\"async\" width=\"1024\" height=\"683\" src=\"https:\/\/autosupirkimasvilnius.lt\/wp-content\/uploads\/2024\/10\/Mikroautobusu-nuoma-vilnius-1024x683.jpg\" alt=\"Mikroautobusu nuoma\" class=\"wp-image-2556 size-full\" srcset=\"https:\/\/autosupirkimasvilnius.lt\/wp-content\/uploads\/2024\/10\/Mikroautobusu-nuoma-vilnius-1024x683.jpg 1024w, https:\/\/autosupirkimasvilnius.lt\/wp-content\/uploads\/2024\/10\/Mikroautobusu-nuoma-vilnius-300x200.jpg 300w, https:\/\/autosupirkimasvilnius.lt\/wp-content\/uploads\/2024\/10\/Mikroautobusu-nuoma-vilnius-768x512.jpg 768w, https:\/\/autosupirkimasvilnius.lt\/wp-content\/uploads\/2024\/10\/Mikroautobusu-nuoma-vilnius.jpg 1440w\" sizes=\"(max-width: 1024px) 100vw, 1024px\" \/><\/figure><div class=\"wp-block-media-text__content\">\n<h2 class=\"wp-block-heading\">Mikroautobus\u0173 nuoma<\/h2>\n\n\n\n<p><a href=\"https:\/\/transferlt.lt\/mikroautobusu-nuoma\/\">Mikroautobus\u0173 nuoma<\/a> \u2013 patogus sprendimas j\u016bs\u0173 kelion\u0117ms<\/p>\n\n\n\n<p>Si\u016blome lanks\u010dias nuomos galimybes, kurios atitiks skirtingus j\u016bs\u0173 poreikius \u2013 tiek su vairuotojo paslaugomis, tiek be j\u0173.<\/p>\n\n\n\n<p>Pasirink\u0119 mikroautobus\u0173 nuom\u0105 su vairuotoju, gal\u0117site visi\u0161kai atsipalaiduoti ir m\u0117gautis kelione, nes viskuo pasir\u016bpins profesional\u016bs vairuotojai. Tai puikus sprendimas renginiams, i\u0161vykoms ar kitoms svarbioms progoms.<\/p>\n\n\n\n<p>Jei norite daugiau laisv\u0117s ir savaranki\u0161kumo, rinkit\u0117s<strong> <\/strong>mikroautobus\u0173 nuom\u0105 be vairuotojo. Tai leis jums planuoti kelion\u0119 pagal savo poreikius ir jud\u0117ti norimu tempu.<\/p>\n\n\n\n<p>Atraskite patogi\u0105 ir lanks\u010di\u0105 mikroautobus\u0173 nuomos paslaug\u0105, pritaikyt\u0105 kiekvienam j\u016bs\u0173 \u017eingsniui!<\/p>\n<\/div><\/div>\n<\/div>\n\n\n\n<div style=\"height:var(--wp--preset--spacing--20)\" aria-hidden=\"true\" class=\"wp-block-spacer\"><\/div>\n<\/div>\n\n\n\n<div class=\"wp-block-uagb-advanced-heading uagb-block-a0ff0e8f\"><h2 class=\"uagb-heading-text\">KELEIVI\u0172 PERVE\u017dIMAS<\/h2><\/div>\n\n\n\n<p>Keleivi\u0173 perve\u017eimas Vilniuje ir visoje Lietuvoje \u2013 tai patogus b\u016bdas organizuoti \u017emoni\u0173 grupi\u0173 perve\u017eim\u0105 sutartu laiku \u012f norim\u0105 viet\u0105. Si\u016blome mikroautobus\u0173 nuom\u0105 \u012fvairiems mar\u0161rutams, tokiems kaip Vilnius\u2013Klaip\u0117da, Vilnius\u2013Kaunas, Vilnius\u2013Palanga. \u0160ias paslaugas galite u\u017esisakyti vienkartinei kelionei arba ilgesniam laikotarpiui, atsi\u017evelgdami \u012f savo poreikius. <br><\/p>\n\n\n\n<div class=\"wp-block-uagb-container uag-blocks-common-selector uagb-block-d3be2094 alignfull uagb-is-root-container\"><div class=\"uagb-container-inner-blocks-wrap\">\n<div class=\"wp-block-uagb-container uagb-layout-grid uagb-block-9db4e41b alignfull uagb-is-root-container\"><div class=\"uagb-container-inner-blocks-wrap\">\n<div class=\"wp-block-uagb-info-box uagb-block-a500eea6 uagb-infobox__content-wrap  uagb-infobox-icon-above-title uagb-infobox-image-valign-top wp-block-uagb-info-box--has-margin\"><div class=\"uagb-infobox-margin-wrapper\"><div class=\"uagb-ifb-content\"><div class=\"uagb-ifb-image-content\"><img decoding=\"async\" src=\"https:\/\/autosupirkimasvilnius.lt\/wp-content\/uploads\/2024\/10\/Mercedes-Benz-Sprinter-2019-perkamas-Klaipeda-nuotrauka-2023-07-27-3.jpg\" alt=\"Mikroautobusu nuoma Vilniuje\" width=\"77\" height=\"57\" loading=\"lazy\" \/><\/div><div class=\"uagb-ifb-title-wrap\"><h3 class=\"uagb-ifb-title\"><a href=\"https:\/\/autoskelbimaijums.lt\/mikroautobusu-nuoma-vilniuje\/\" target=\"_blank\" rel=\"noreferrer noopener\">Mikroautobusu nuoma Vilniuje<\/a><\/h3><\/div><p class=\"uagb-ifb-desc\">This is a short description elaborating the service you have mentioned above.<\/p><\/div><\/div><\/div>\n\n\n\n<div class=\"wp-block-uagb-info-box uagb-block-3fd68d15 uagb-infobox__content-wrap  uagb-infobox-icon-above-title uagb-infobox-image-valign-top wp-block-uagb-info-box--has-margin\"><div class=\"uagb-infobox-margin-wrapper\"><div class=\"uagb-ifb-content\"><div class=\"uagb-ifb-image-content\"><img decoding=\"async\" src=\"https:\/\/autosupirkimasvilnius.lt\/wp-content\/uploads\/2024\/10\/received_446813694641073.jpeg\" alt=\"Mikroautobus\u0173 nuoma Kaune\" width=\"77\" height=\"57\" loading=\"lazy\" \/><\/div><div class=\"uagb-ifb-title-wrap\"><h3 class=\"uagb-ifb-title\"><a href=\"https:\/\/mikroautobusunuomalt.org\/mikroautobusu-nuoma-kaune\/\">Mikroautobusu nuoma<\/a><a href=\"https:\/\/mikroautobusunuomalt.org\/mikroautobusu-nuoma-kaune\/\" target=\"_blank\" rel=\"noreferrer noopener\"> <\/a><a href=\"https:\/\/mikroautobusunuomalt.org\/mikroautobusu-nuoma-kaune\/\">Kaune<\/a><\/h3><\/div><p class=\"uagb-ifb-desc\">This is a short description elaborating the service you have mentioned above.<\/p><\/div><\/div><\/div>\n\n\n\n<div class=\"wp-block-uagb-info-box uagb-block-8cd22fc5 uagb-infobox__content-wrap  uagb-infobox-icon-above-title uagb-infobox-image-valign-top wp-block-uagb-info-box--has-margin\"><div class=\"uagb-infobox-margin-wrapper\"><div class=\"uagb-ifb-content\"><div class=\"uagb-ifb-image-content\"><img decoding=\"async\" src=\"https:\/\/autosupirkimasvilnius.lt\/wp-content\/uploads\/2024\/10\/received_493412076360916.jpeg\" alt=\"\" width=\"80\" height=\"59\" loading=\"lazy\" \/><\/div><div class=\"uagb-ifb-title-wrap\"><h3 class=\"uagb-ifb-title\"><a href=\"https:\/\/mikroautobusunuomalt.org\/mikroautobusu-nuoma-trakuose\/\" target=\"_blank\" rel=\"noreferrer noopener\">Mikroautobusu nuoma Trakuose <\/a><\/h3><\/div><p class=\"uagb-ifb-desc\">This is a short description elaborating the service you have mentioned above.<\/p><\/div><\/div><\/div>\n\n\n\n<div class=\"wp-block-uagb-info-box uagb-block-d058f4be uagb-infobox__content-wrap  uagb-infobox-icon-above-title uagb-infobox-image-valign-top wp-block-uagb-info-box--has-margin\"><div class=\"uagb-infobox-margin-wrapper\"><div class=\"uagb-ifb-content\"><div class=\"uagb-ifb-image-content\"><img decoding=\"async\" src=\"https:\/\/autosupirkimasvilnius.lt\/wp-content\/uploads\/2024\/10\/Mercedes-Benz-Sprinter-2019-perkamas-Klaipeda-nuotrauka-2023-07-27-3.jpg\" alt=\"Mikroautobusu nuoma Vilniuje\" width=\"77\" height=\"57\" loading=\"lazy\" \/><\/div><div class=\"uagb-ifb-title-wrap\"><h3 class=\"uagb-ifb-title\"><a href=\"https:\/\/mikroautobusunuomalt.info\/mikroautobusunuomaklaipedoje\/\" target=\"_blank\" rel=\"noreferrer noopener\">Mikroautobusu nuoma Klaipedoje<\/a><\/h3><\/div><p class=\"uagb-ifb-desc\">This is a short description elaborating the service you have mentioned above.<\/p><\/div><\/div><\/div>\n\n\n\n<div class=\"wp-block-uagb-info-box uagb-block-00a409ec uagb-infobox__content-wrap  uagb-infobox-icon-above-title uagb-infobox-image-valign-top wp-block-uagb-info-box--has-margin\"><div class=\"uagb-infobox-margin-wrapper\"><div class=\"uagb-ifb-content\"><div class=\"uagb-ifb-image-content\"><img decoding=\"async\" src=\"https:\/\/autosupirkimasvilnius.lt\/wp-content\/uploads\/2024\/10\/Mercedes-Benz-Sprinter-2019-perkamas-Klaipeda-nuotrauka-2023-07-27-3.jpg\" alt=\"Mikroautobusu nuoma Vilniuje\" width=\"77\" height=\"57\" loading=\"lazy\" \/><\/div><div class=\"uagb-ifb-title-wrap\"><h3 class=\"uagb-ifb-title\"><a href=\"https:\/\/www.atnbusrent.lt\/mikroautobusu-nuoma-siauliuose\/\" target=\"_blank\" rel=\"noreferrer noopener nofollow\">Mikroautobusu nuoma \u0160iauliai  <\/a><\/h3><\/div><p class=\"uagb-ifb-desc\">This is a short description elaborating the service you have mentioned above.<\/p><\/div><\/div><\/div>\n\n\n\n<div class=\"wp-block-uagb-info-box uagb-block-1cc02d33 uagb-infobox__content-wrap  uagb-infobox-icon-above-title uagb-infobox-image-valign-top wp-block-uagb-info-box--has-margin\"><div class=\"uagb-infobox-margin-wrapper\"><div class=\"uagb-ifb-content\"><div class=\"uagb-ifb-image-content\"><img decoding=\"async\" src=\"https:\/\/autosupirkimasvilnius.lt\/wp-content\/uploads\/2024\/10\/received_477735711445742-1.jpeg\" alt=\"\" width=\"77\" height=\"57\" loading=\"lazy\" \/><\/div><div class=\"uagb-ifb-title-wrap\"><h3 class=\"uagb-ifb-title\">Mikroautobusu nuoma V\u0117stuvems <\/h3><\/div><p class=\"uagb-ifb-desc\">This is a short description elaborating the service you have mentioned above.<\/p><\/div><\/div><\/div>\n<\/div><\/div>\n<\/div><\/div>\n\n\n\n<div class=\"wp-block-uagb-advanced-heading uagb-block-8776d6e6\"><h2 class=\"uagb-heading-text\">Mikroautobus\u0173 nuoma su vairuotoju<\/h2><\/div>\n\n\n\n<p>Planuojate kelion\u0119, o gal ruo\u0161iat\u0117s renginiui ir ie\u0161kote transporto? <strong>Mikroautobuso nuoma su vairuotoju Vilniuje<\/strong> \u2013 tai puikus pasirinkimas tiems, kurie vertina patogum\u0105, saugum\u0105 ir profesionalum\u0105. Si\u016blome \u012fvairius mikroautobusus, pritaikytus tiek nedidel\u0117ms, tiek didesn\u0117ms grup\u0117ms, tod\u0117l kelion\u0117 taps sklandi ir maloni.<br>Rinkdamiesi <strong>mikroautobus\u0173 nuom\u0105 Vilnius su vairuotoju<\/strong>, gal\u0117site nesir\u016bpinti nei kelion\u0117s planavimu, nei vairavimu \u2013 m\u016bs\u0173 patyr\u0119 vairuotojai pasir\u016bpins viskuo u\u017e jus. Nesvarbu, ar tai b\u016bt\u0173 vestuv\u0117s, \u012fmon\u0117s renginys, ar ekskursija, mes u\u017etikriname auk\u0161\u010diausios kokyb\u0117s paslaugas ir komfort\u0105.<br>Atraskite patogi\u0105 ir skland\u017ei\u0105 kelion\u0119 su m\u016bs\u0173 <strong>mikroautobus\u0173 nuomos Vilniuje su vairuotoju<\/strong> paslaugomis!<\/p>\n\n\n\n<div class=\"wp-block-uagb-container uagb-block-e13a20a5 alignfull uagb-is-root-container\"><div class=\"uagb-container-inner-blocks-wrap\">\n<div class=\"wp-block-uagb-buttons uagb-buttons__outer-wrap uagb-btn__default-btn uagb-btn-tablet__default-btn uagb-btn-mobile__default-btn uagb-block-99389837\"><div class=\"uagb-buttons__wrap uagb-buttons-layout-wrap \">\n<div class=\"wp-block-uagb-buttons-child uagb-buttons__outer-wrap uagb-block-bb6aa06a wp-block-button\"><div class=\"uagb-button__wrapper\"><a class=\"uagb-buttons-repeater wp-block-button__link\" aria-label=\"\" href=\"#\" rel=\"follow noopener\" target=\"_self\" role=\"button\"><div class=\"uagb-button__link\">mikroautobusu nuoma su vairuotoju u\u017esakymas<\/div><\/a><\/div><\/div>\n<\/div><\/div>\n<\/div><\/div>\n\n\n\n<div class=\"wp-block-uagb-container uagb-block-78d43f1c alignfull uagb-is-root-container\"><div class=\"uagb-container-inner-blocks-wrap\"><\/div><\/div>\n","protected":false},"excerpt":{"rendered":"<p>Mikroautobus\u0173 nuoma Mikroautobus\u0173 nuoma \u2013 patogus sprendimas j\u016bs\u0173 kelion\u0117ms Si\u016blome lanks\u010dias nuomos galimybes, kurios atitiks skirtingus j\u016bs\u0173 poreikius \u2013 tiek su vairuotojo paslaugomis, tiek be j\u0173. Pasirink\u0119 mikroautobus\u0173 nuom\u0105 su vairuotoju, gal\u0117site visi\u0161kai atsipalaiduoti ir m\u0117gautis kelione, nes viskuo pasir\u016bpins profesional\u016bs vairuotojai. Tai puikus sprendimas renginiams, i\u0161vykoms ar kitoms svarbioms progoms. Jei norite daugiau laisv\u0117s [&hellip;]<\/p>\n","protected":false},"author":2,"featured_media":0,"parent":0,"menu_order":0,"comment_status":"closed","ping_status":"closed","template":"","meta":{"_uag_custom_page_level_css":"","site-sidebar-layout":"default","site-content-layout":"page-builder","ast-site-content-layout":"full-width-container","site-content-style":"unboxed","site-sidebar-style":"unboxed","ast-global-header-display":"","ast-banner-title-visibility":"","ast-main-header-display":"","ast-hfb-above-header-display":"","ast-hfb-below-header-display":"","ast-hfb-mobile-header-display":"","site-post-title":"disabled","ast-breadcrumbs-content":"","ast-featured-img":"","footer-sml-layout":"","theme-transparent-header-meta":"enabled","adv-header-id-meta":"","stick-header-meta":"","header-above-stick-meta":"","header-main-stick-meta":"","header-below-stick-meta":"","astra-migrate-meta-layouts":"set","ast-page-background-enabled":"default","ast-page-background-meta":{"desktop":{"background-color":"","background-image":"","background-repeat":"repeat","background-position":"center center","background-size":"auto","background-attachment":"scroll","background-type":"","background-media":"","overlay-type":"","overlay-color":"","overlay-opacity":"","overlay-gradient":""},"tablet":{"background-color":"","background-image":"","background-repeat":"repeat","background-position":"center center","background-size":"auto","background-attachment":"scroll","background-type":"","background-media":"","overlay-type":"","overlay-color":"","overlay-opacity":"","overlay-gradient":""},"mobile":{"background-color":"","background-image":"","background-repeat":"repeat","background-position":"center center","background-size":"auto","background-attachment":"scroll","background-type":"","background-media":"","overlay-type":"","overlay-color":"","overlay-opacity":"","overlay-gradient":""}},"ast-content-background-meta":{"desktop":{"background-color":"var(--ast-global-color-5)","background-image":"","background-repeat":"repeat","background-position":"center center","background-size":"auto","background-attachment":"scroll","background-type":"","background-media":"","overlay-type":"","overlay-color":"","overlay-opacity":"","overlay-gradient":""},"tablet":{"background-color":"var(--ast-global-color-5)","background-image":"","background-repeat":"repeat","background-position":"center center","background-size":"auto","background-attachment":"scroll","background-type":"","background-media":"","overlay-type":"","overlay-color":"","overlay-opacity":"","overlay-gradient":""},"mobile":{"background-color":"var(--ast-global-color-5)","background-image":"","background-repeat":"repeat","background-position":"center center","background-size":"auto","background-attachment":"scroll","background-type":"","background-media":"","overlay-type":"","overlay-color":"","overlay-opacity":"","overlay-gradient":""}},"footnotes":""},"class_list":["post-1812","page","type-page","status-publish","hentry"],"uagb_featured_image_src":{"full":false,"thumbnail":false,"medium":false,"medium_large":false,"large":false,"1536x1536":false,"2048x2048":false},"uagb_author_info":{"display_name":"Nikita","author_link":"https:\/\/autosupirkimasvilnius.lt\/?author=2"},"uagb_comment_info":0,"uagb_excerpt":"Mikroautobus\u0173 nuoma Mikroautobus\u0173 nuoma \u2013 patogus sprendimas j\u016bs\u0173 kelion\u0117ms Si\u016blome lanks\u010dias nuomos galimybes, kurios atitiks skirtingus j\u016bs\u0173 poreikius \u2013 tiek su vairuotojo paslaugomis, tiek be j\u0173. Pasirink\u0119 mikroautobus\u0173 nuom\u0105 su vairuotoju, gal\u0117site visi\u0161kai atsipalaiduoti ir m\u0117gautis kelione, nes viskuo pasir\u016bpins profesional\u016bs vairuotojai. Tai puikus sprendimas renginiams, i\u0161vykoms ar kitoms svarbioms progoms. Jei norite daugiau laisv\u0117s&hellip;","_links":{"self":[{"href":"https:\/\/autosupirkimasvilnius.lt\/index.php?rest_route=\/wp\/v2\/pages\/1812"}],"collection":[{"href":"https:\/\/autosupirkimasvilnius.lt\/index.php?rest_route=\/wp\/v2\/pages"}],"about":[{"href":"https:\/\/autosupirkimasvilnius.lt\/index.php?rest_route=\/wp\/v2\/types\/page"}],"author":[{"embeddable":true,"href":"https:\/\/autosupirkimasvilnius.lt\/index.php?rest_route=\/wp\/v2\/users\/2"}],"replies":[{"embeddable":true,"href":"https:\/\/autosupirkimasvilnius.lt\/index.php?rest_route=%2Fwp%2Fv2%2Fcomments&post=1812"}],"version-history":[{"count":53,"href":"https:\/\/autosupirkimasvilnius.lt\/index.php?rest_route=\/wp\/v2\/pages\/1812\/revisions"}],"predecessor-version":[{"id":2645,"href":"https:\/\/autosupirkimasvilnius.lt\/index.php?rest_route=\/wp\/v2\/pages\/1812\/revisions\/2645"}],"wp:attachment":[{"href":"https:\/\/autosupirkimasvilnius.lt\/index.php?rest_route=%2Fwp%2Fv2%2Fmedia&parent=1812"}],"curies":[{"name":"wp","href":"https:\/\/api.w.org\/{rel}","templated":true}]}}