{"id":22,"date":"2018-02-27T20:02:26","date_gmt":"2018-02-27T18:02:26","guid":{"rendered":"https:\/\/autosupirkimasvilnius.lt\/?page_id=22"},"modified":"2024-09-20T14:46:00","modified_gmt":"2024-09-20T12:46:00","slug":"automobiliu-supirkimas-kontaktai","status":"publish","type":"page","link":"https:\/\/autosupirkimasvilnius.lt\/?page_id=22","title":{"rendered":"Kontaktai"},"content":{"rendered":"<h2>+370 68357785<\/h2>\n<h5>Skambinkite telefonu<\/h5>\n<h5>-arba siuskite SMS \u017einute<\/h5>\n<h5>gavus\u2013 SMS \u2013 atskambiname<\/h5>\n<h5>N\u0117ra galimyb\u0117s paskambinti ? U\u017epilikite paklausimo form\u0105 !<\/h5>\n","protected":false},"excerpt":{"rendered":"<p>+370 68357785 Skambinkite telefonu -arba siuskite SMS \u017einute gavus\u2013 SMS \u2013 atskambiname N\u0117ra galimyb\u0117s paskambinti ? U\u017epilikite paklausimo form\u0105 !<\/p>\n","protected":false},"author":1,"featured_media":0,"parent":0,"menu_order":0,"comment_status":"closed","ping_status":"closed","template":"","meta":{"_uag_custom_page_level_css":"","site-sidebar-layout":"default","site-content-layout":"","ast-site-content-layout":"default","site-content-style":"default","site-sidebar-style":"default","ast-global-header-display":"","ast-banner-title-visibility":"","ast-main-header-display":"","ast-hfb-above-header-display":"","ast-hfb-below-header-display":"","ast-hfb-mobile-header-display":"","site-post-title":"","ast-breadcrumbs-content":"","ast-featured-img":"","footer-sml-layout":"","theme-transparent-header-meta":"","adv-header-id-meta":"","stick-header-meta":"","header-above-stick-meta":"","header-main-stick-meta":"","header-below-stick-meta":"","astra-migrate-meta-layouts":"set","ast-page-background-enabled":"default","ast-page-background-meta":{"desktop":{"background-color":"","background-image":"","background-repeat":"repeat","background-position":"center center","background-size":"auto","background-attachment":"scroll","background-type":"","background-media":"","overlay-type":"","overlay-color":"","overlay-opacity":"","overlay-gradient":""},"tablet":{"background-color":"","background-image":"","background-repeat":"repeat","background-position":"center center","background-size":"auto","background-attachment":"scroll","background-type":"","background-media":"","overlay-type":"","overlay-color":"","overlay-opacity":"","overlay-gradient":""},"mobile":{"background-color":"","background-image":"","background-repeat":"repeat","background-position":"center center","background-size":"auto","background-attachment":"scroll","background-type":"","background-media":"","overlay-type":"","overlay-color":"","overlay-opacity":"","overlay-gradient":""}},"ast-content-background-meta":{"desktop":{"background-color":"var(--ast-global-color-5)","background-image":"","background-repeat":"repeat","background-position":"center center","background-size":"auto","background-attachment":"scroll","background-type":"","background-media":"","overlay-type":"","overlay-color":"","overlay-opacity":"","overlay-gradient":""},"tablet":{"background-color":"var(--ast-global-color-5)","background-image":"","background-repeat":"repeat","background-position":"center center","background-size":"auto","background-attachment":"scroll","background-type":"","background-media":"","overlay-type":"","overlay-color":"","overlay-opacity":"","overlay-gradient":""},"mobile":{"background-color":"var(--ast-global-color-5)","background-image":"","background-repeat":"repeat","background-position":"center center","background-size":"auto","background-attachment":"scroll","background-type":"","background-media":"","overlay-type":"","overlay-color":"","overlay-opacity":"","overlay-gradient":""}},"footnotes":""},"class_list":["post-22","page","type-page","status-publish","hentry"],"uagb_featured_image_src":{"full":false,"thumbnail":false,"medium":false,"medium_large":false,"large":false,"1536x1536":false,"2048x2048":false},"uagb_author_info":{"display_name":"leonid","author_link":"https:\/\/autosupirkimasvilnius.lt\/?author=1"},"uagb_comment_info":0,"uagb_excerpt":"+370 68357785 Skambinkite telefonu -arba siuskite SMS \u017einute gavus\u2013 SMS \u2013 atskambiname N\u0117ra galimyb\u0117s paskambinti ? U\u017epilikite paklausimo form\u0105 !","_links":{"self":[{"href":"https:\/\/autosupirkimasvilnius.lt\/index.php?rest_route=\/wp\/v2\/pages\/22"}],"collection":[{"href":"https:\/\/autosupirkimasvilnius.lt\/index.php?rest_route=\/wp\/v2\/pages"}],"about":[{"href":"https:\/\/autosupirkimasvilnius.lt\/index.php?rest_route=\/wp\/v2\/types\/page"}],"author":[{"embeddable":true,"href":"https:\/\/autosupirkimasvilnius.lt\/index.php?rest_route=\/wp\/v2\/users\/1"}],"replies":[{"embeddable":true,"href":"https:\/\/autosupirkimasvilnius.lt\/index.php?rest_route=%2Fwp%2Fv2%2Fcomments&post=22"}],"version-history":[{"count":14,"href":"https:\/\/autosupirkimasvilnius.lt\/index.php?rest_route=\/wp\/v2\/pages\/22\/revisions"}],"predecessor-version":[{"id":2543,"href":"https:\/\/autosupirkimasvilnius.lt\/index.php?rest_route=\/wp\/v2\/pages\/22\/revisions\/2543"}],"wp:attachment":[{"href":"https:\/\/autosupirkimasvilnius.lt\/index.php?rest_route=%2Fwp%2Fv2%2Fmedia&parent=22"}],"curies":[{"name":"wp","href":"https:\/\/api.w.org\/{rel}","templated":true}]}}